{"id":510,"date":"2026-02-10T15:16:15","date_gmt":"2026-02-10T15:16:15","guid":{"rendered":"https:\/\/promusica.szegedikonzi.hu\/?page_id=510"},"modified":"2026-02-10T15:20:39","modified_gmt":"2026-02-10T15:20:39","slug":"beiratkozasi-lap","status":"publish","type":"page","link":"https:\/\/promusica.szegedikonzi.hu\/?page_id=510","title":{"rendered":"Beiratkoz\u00e1si lap"},"content":{"rendered":"<p><a href=\"https:\/\/promusica.szegedikonzi.hu\/wp-content\/uploads\/2026\/02\/Beiratkozasi-lap-letoltese.pdf\">Beiratkoz\u00e1si lap let\u00f6lt\u00e9se<\/a><\/p>\n","protected":false},"excerpt":{"rendered":"<p>Beiratkoz\u00e1si lap let\u00f6lt\u00e9se<\/p>\n","protected":false},"author":2,"featured_media":0,"parent":0,"menu_order":0,"comment_status":"closed","ping_status":"closed","template":"","meta":{"footnotes":""},"class_list":["post-510","page","type-page","status-publish"],"_links":{"self":[{"href":"https:\/\/promusica.szegedikonzi.hu\/index.php?rest_route=\/wp\/v2\/pages\/510","targetHints":{"allow":["GET"]}}],"collection":[{"href":"https:\/\/promusica.szegedikonzi.hu\/index.php?rest_route=\/wp\/v2\/pages"}],"about":[{"href":"https:\/\/promusica.szegedikonzi.hu\/index.php?rest_route=\/wp\/v2\/types\/page"}],"author":[{"embeddable":true,"href":"https:\/\/promusica.szegedikonzi.hu\/index.php?rest_route=\/wp\/v2\/users\/2"}],"replies":[{"embeddable":true,"href":"https:\/\/promusica.szegedikonzi.hu\/index.php?rest_route=%2Fwp%2Fv2%2Fcomments&post=510"}],"version-history":[{"count":3,"href":"https:\/\/promusica.szegedikonzi.hu\/index.php?rest_route=\/wp\/v2\/pages\/510\/revisions"}],"predecessor-version":[{"id":514,"href":"https:\/\/promusica.szegedikonzi.hu\/index.php?rest_route=\/wp\/v2\/pages\/510\/revisions\/514"}],"wp:attachment":[{"href":"https:\/\/promusica.szegedikonzi.hu\/index.php?rest_route=%2Fwp%2Fv2%2Fmedia&parent=510"}],"curies":[{"name":"wp","href":"https:\/\/api.w.org\/{rel}","templated":true}]}}