{"id":421,"date":"2026-01-20T11:42:17","date_gmt":"2026-01-20T11:42:17","guid":{"rendered":"https:\/\/promusica.szegedikonzi.hu\/?page_id=421"},"modified":"2026-02-11T15:43:27","modified_gmt":"2026-02-11T15:43:27","slug":"csongrad-megyei-bicinium-eneklesi-verseny","status":"publish","type":"page","link":"https:\/\/promusica.szegedikonzi.hu\/?page_id=421","title":{"rendered":"VI. Csongr\u00e1d-Csan\u00e1d V\u00e1rmegyei Bicinium \u00c9nekl\u00e9si Verseny &#8211; 2026.01.30."},"content":{"rendered":"<h3><strong>A versenyen k\u00e9sz\u00fclt k\u00e9pek megtekinthet\u0151ek a Gal\u00e9ri\u00e1ban!<\/strong><\/h3>\n<p><img loading=\"lazy\" decoding=\"async\" class=\"alignnone wp-image-440 aligncenter\" src=\"https:\/\/promusica.szegedikonzi.hu\/wp-content\/uploads\/2026\/01\/VI.-Csongrad-Csanad-Varmegyei-Bicinium-Eneklesi-Verseny-1-212x300.jpg\" alt=\"\" width=\"881\" height=\"1247\" srcset=\"https:\/\/promusica.szegedikonzi.hu\/wp-content\/uploads\/2026\/01\/VI.-Csongrad-Csanad-Varmegyei-Bicinium-Eneklesi-Verseny-1-212x300.jpg 212w, https:\/\/promusica.szegedikonzi.hu\/wp-content\/uploads\/2026\/01\/VI.-Csongrad-Csanad-Varmegyei-Bicinium-Eneklesi-Verseny-1-724x1024.jpg 724w, https:\/\/promusica.szegedikonzi.hu\/wp-content\/uploads\/2026\/01\/VI.-Csongrad-Csanad-Varmegyei-Bicinium-Eneklesi-Verseny-1-768x1086.jpg 768w, https:\/\/promusica.szegedikonzi.hu\/wp-content\/uploads\/2026\/01\/VI.-Csongrad-Csanad-Varmegyei-Bicinium-Eneklesi-Verseny-1-1086x1536.jpg 1086w, https:\/\/promusica.szegedikonzi.hu\/wp-content\/uploads\/2026\/01\/VI.-Csongrad-Csanad-Varmegyei-Bicinium-Eneklesi-Verseny-1-1448x2048.jpg 1448w, https:\/\/promusica.szegedikonzi.hu\/wp-content\/uploads\/2026\/01\/VI.-Csongrad-Csanad-Varmegyei-Bicinium-Eneklesi-Verseny-1.jpg 1587w\" sizes=\"auto, (max-width: 881px) 100vw, 881px\" \/><\/p>\n","protected":false},"excerpt":{"rendered":"<p>A versenyen k\u00e9sz\u00fclt k\u00e9pek megtekinthet\u0151ek a Gal\u00e9ri\u00e1ban!<\/p>\n","protected":false},"author":2,"featured_media":0,"parent":0,"menu_order":0,"comment_status":"closed","ping_status":"closed","template":"","meta":{"footnotes":""},"class_list":["post-421","page","type-page","status-publish"],"_links":{"self":[{"href":"https:\/\/promusica.szegedikonzi.hu\/index.php?rest_route=\/wp\/v2\/pages\/421","targetHints":{"allow":["GET"]}}],"collection":[{"href":"https:\/\/promusica.szegedikonzi.hu\/index.php?rest_route=\/wp\/v2\/pages"}],"about":[{"href":"https:\/\/promusica.szegedikonzi.hu\/index.php?rest_route=\/wp\/v2\/types\/page"}],"author":[{"embeddable":true,"href":"https:\/\/promusica.szegedikonzi.hu\/index.php?rest_route=\/wp\/v2\/users\/2"}],"replies":[{"embeddable":true,"href":"https:\/\/promusica.szegedikonzi.hu\/index.php?rest_route=%2Fwp%2Fv2%2Fcomments&post=421"}],"version-history":[{"count":5,"href":"https:\/\/promusica.szegedikonzi.hu\/index.php?rest_route=\/wp\/v2\/pages\/421\/revisions"}],"predecessor-version":[{"id":532,"href":"https:\/\/promusica.szegedikonzi.hu\/index.php?rest_route=\/wp\/v2\/pages\/421\/revisions\/532"}],"wp:attachment":[{"href":"https:\/\/promusica.szegedikonzi.hu\/index.php?rest_route=%2Fwp%2Fv2%2Fmedia&parent=421"}],"curies":[{"name":"wp","href":"https:\/\/api.w.org\/{rel}","templated":true}]}}