{"id":418,"date":"2026-01-20T11:38:54","date_gmt":"2026-01-20T11:38:54","guid":{"rendered":"https:\/\/promusica.szegedikonzi.hu\/?page_id=418"},"modified":"2026-02-11T14:59:18","modified_gmt":"2026-02-11T14:59:18","slug":"csongrad-csanad-megyei-vonos-egyeni-es-kamarazenei-verseny","status":"publish","type":"page","link":"https:\/\/promusica.szegedikonzi.hu\/?page_id=418","title":{"rendered":"Csongr\u00e1d-Csan\u00e1d V\u00e1rmegyei Von\u00f3s Egy\u00e9ni \u00e9s Kamarazenei Verseny"},"content":{"rendered":"<p><img loading=\"lazy\" decoding=\"async\" class=\"alignnone wp-image-523 aligncenter\" src=\"https:\/\/promusica.szegedikonzi.hu\/wp-content\/uploads\/2026\/02\/Kepkivagas-290x300.jpg\" alt=\"\" width=\"478\" height=\"495\" srcset=\"https:\/\/promusica.szegedikonzi.hu\/wp-content\/uploads\/2026\/02\/Kepkivagas-290x300.jpg 290w, https:\/\/promusica.szegedikonzi.hu\/wp-content\/uploads\/2026\/02\/Kepkivagas.jpg 464w\" sizes=\"auto, (max-width: 478px) 100vw, 478px\" \/><\/p>\n","protected":false},"excerpt":{"rendered":"","protected":false},"author":2,"featured_media":0,"parent":0,"menu_order":0,"comment_status":"closed","ping_status":"closed","template":"","meta":{"footnotes":""},"class_list":["post-418","page","type-page","status-publish"],"_links":{"self":[{"href":"https:\/\/promusica.szegedikonzi.hu\/index.php?rest_route=\/wp\/v2\/pages\/418","targetHints":{"allow":["GET"]}}],"collection":[{"href":"https:\/\/promusica.szegedikonzi.hu\/index.php?rest_route=\/wp\/v2\/pages"}],"about":[{"href":"https:\/\/promusica.szegedikonzi.hu\/index.php?rest_route=\/wp\/v2\/types\/page"}],"author":[{"embeddable":true,"href":"https:\/\/promusica.szegedikonzi.hu\/index.php?rest_route=\/wp\/v2\/users\/2"}],"replies":[{"embeddable":true,"href":"https:\/\/promusica.szegedikonzi.hu\/index.php?rest_route=%2Fwp%2Fv2%2Fcomments&post=418"}],"version-history":[{"count":5,"href":"https:\/\/promusica.szegedikonzi.hu\/index.php?rest_route=\/wp\/v2\/pages\/418\/revisions"}],"predecessor-version":[{"id":526,"href":"https:\/\/promusica.szegedikonzi.hu\/index.php?rest_route=\/wp\/v2\/pages\/418\/revisions\/526"}],"wp:attachment":[{"href":"https:\/\/promusica.szegedikonzi.hu\/index.php?rest_route=%2Fwp%2Fv2%2Fmedia&parent=418"}],"curies":[{"name":"wp","href":"https:\/\/api.w.org\/{rel}","templated":true}]}}